{"id":18592,"date":"2021-01-27T15:38:47","date_gmt":"2021-01-27T14:38:47","guid":{"rendered":"https:\/\/www.marcquintilla.com\/?page_id=18592\/"},"modified":"2021-03-05T11:23:43","modified_gmt":"2021-03-05T10:23:43","slug":"questions-frequentes","status":"publish","type":"page","link":"https:\/\/www.marcquintilla.com\/fr\/questions-frequentes\/","title":{"rendered":"Marc Quintill\u00e1 | Questions fr\u00e9quentes- FAQ"},"content":{"rendered":"[vc_row css_animation=\u00a0\u00bb\u00a0\u00bb row_type=\u00a0\u00bbrow\u00a0\u00bb use_row_as_full_screen_section=\u00a0\u00bbno\u00a0\u00bb type=\u00a0\u00bbfull_width\u00a0\u00bb angled_section=\u00a0\u00bbno\u00a0\u00bb text_align=\u00a0\u00bbleft\u00a0\u00bb background_image_as_pattern=\u00a0\u00bbwithout_pattern\u00a0\u00bb][vc_column][vc_column_text]\n<h1 class=\"contact-title\" style=\"text-align: center;\">QUESTIONS LES PLUS FR\u00c9QUEMMENT POS\u00c9ES (FAQ)<\/h1>\n<h1 class=\"contact-title\" style=\"text-align: center;\"><a href=\"https:\/\/www.marcquintilla.com\/fr\/enregistrement-de-guitares-en-ligne\/\">ENREGISTREMENT DE GUITARE EN LIGNE<\/a><\/h1>\n[\/vc_column_text][vc_separator type=\u00a0\u00bbtransparent\u00a0\u00bb down=\u00a0\u00bb50&Prime;][vc_row_inner row_type=\u00a0\u00bbrow\u00a0\u00bb type=\u00a0\u00bbfull_width\u00a0\u00bb text_align=\u00a0\u00bbleft\u00a0\u00bb css_animation=\u00a0\u00bb\u00a0\u00bb][vc_column_inner width=\u00a0\u00bb1\/4&Prime;][\/vc_column_inner][vc_column_inner width=\u00a0\u00bb1\/2&Prime;][vc_column_text]<span class=\"collapseomatic \" id=\"id69e45caeccb9b\"  tabindex=\"0\" title=\"Qu&#039;est-ce que le service d&#039;enregistrement de guitare en ligne?\"    >Qu'est-ce que le service d'enregistrement de guitare en ligne?<\/span><div id=\"target-id69e45caeccb9b\" class=\"collapseomatic_content \">C&rsquo;est un service destin\u00e9 aux musiciens, producteurs ou compositeurs qui ont besoin d&rsquo;enregistrer des guitares professionnelles pour leurs chansons. <span lang=\"fr-FR\">Gr\u00e2ce \u00e0 mon studio sp\u00e9cialis\u00e9 en enregistrements de guitare, vous pouvez disposer d&rsquo;une grande vari\u00e9t\u00e9 de guitares, amplificateurs, p\u00e9dales, etc &#8230;, tout en \u00e9liminant le co\u00fbt des heures d&rsquo;enregistrement en studio, et ainsi gagner du temps et r\u00e9duire les frais, sans renoncer \u00e0 une qualit\u00e9<\/span> <span lang=\"fr-FR\">sonore professionnelle. La possibilit\u00e9 d&rsquo;envoyer l&rsquo;enregistrement partout dans le monde<\/span>.<\/div>[\/vc_column_text][vc_column_text]<span class=\"collapseomatic \" id=\"id69e45caeccc99\"  tabindex=\"0\" title=\"Quel est l&#039;\u00e9quipement utilis\u00e9 pour l&#039;enregistrement ?\"    >Quel est l'\u00e9quipement utilis\u00e9 pour l'enregistrement ?<\/span><div id=\"target-id69e45caeccc99\" class=\"collapseomatic_content \">Le meilleur \u00e9quipement de studio de classe A est utilis\u00e9, comme Neve, Neumann, Universal Audio, AKG, Shure, Beyerdinamic, Sennheiser, etc\u2026ainsi que le meilleur backline comme: Mesa boogie, Marshall; Fender, Gibson, Vox, etc\u2026<\/p>\n<p>Vous pouvez voir le rider complet ici: <a href=\"https:\/\/www.marcquintilla.com\/fr\/enregistrement-de-guitares-en-ligne\/\">https:\/\/www.marcquintilla.com\/fr\/enregistrement-de-guitares-en-ligne\/<\/a><\/div>[\/vc_column_text][vc_column_text]<span class=\"collapseomatic \" id=\"id69e45caeccce9\"  tabindex=\"0\" title=\"Qui enregistre les guitares?\"    >Qui enregistre les guitares?<\/span><div id=\"target-id69e45caeccce9\" class=\"collapseomatic_content \">Marc Quintill\u00e1 , guitariste professionnel de session, <span lang=\"fr-FR\">avec plus de 20 ans d&rsquo;exp\u00e9rience, plus de 100 albums et plus de 2000 chansons enregistr\u00e9es pour des artistes comme\u00a0:<\/span>Jon Secada, Sergio Dalma, Ana Torroja, Kate Ryan, Gianna Nannini, Mal\u00fa, David Bustamante, Ana Bel\u00e9n, Alfred Garc\u00eda, Los del rio , David Bisbal , Dyango,Peret, Baccara\u2026 ou pour des programmes de t\u00e9l\u00e9vision comme Operaci\u00f3n triunfo, Tu cara me suena o X Factor\u2026\u00a0<\/div>[\/vc_column_text][vc_column_text]<span class=\"collapseomatic \" id=\"id69e45caeccd19\"  tabindex=\"0\" title=\"Quel est le prix ?\"    >Quel est le prix ?<\/span><div id=\"target-id69e45caeccd19\" class=\"collapseomatic_content \">Le prix minimum est de 60 \u20ac pour une prise, mais nous vous proposons des diff\u00e9rentes options qui s&rsquo;adaptent \u00e0 tous vos besoins.<\/div>[\/vc_column_text][vc_column_text]<span class=\"collapseomatic \" id=\"id69e45caeccd42\"  tabindex=\"0\" title=\"Comment faire le paiement?\"    >Comment faire le paiement?<\/span><div id=\"target-id69e45caeccd42\" class=\"collapseomatic_content \">Vous pouvez r\u00e9aliser le paiement \u00e0 travers de Paypal ou par virement bancaire.<\/div>[\/vc_column_text][vc_column_text]<span class=\"collapseomatic \" id=\"id69e45caeccd63\"  tabindex=\"0\" title=\"Ma monnaie n&#039;est pas l&#039;euro ? Est-ce un probl\u00e8me pour r\u00e9aliser le paiement?\"    >Ma monnaie n'est pas l'euro ? Est-ce un probl\u00e8me pour r\u00e9aliser le paiement?<\/span><div id=\"target-id69e45caeccd63\" class=\"collapseomatic_content \">\n<p>Pas du tout, toutes les monnaies sont accept\u00e9es avec nos modalit\u00e9s de paiement.<\/div>[\/vc_column_text][vc_column_text]<span class=\"collapseomatic \" id=\"id69e45caeccd8d\"  tabindex=\"0\" title=\"Peuvons-nous commenter les d\u00e9tails avant de faire l&#039;enregistrement?\"    >Peuvons-nous commenter les d\u00e9tails avant de faire l'enregistrement?<\/span><div id=\"target-id69e45caeccd8d\" class=\"collapseomatic_content \">\n<p>Bien s\u00fbr, nous pouvons maintenir une conversation par le t\u00e9l\u00e9phone, par whatsapp, ou par skype, etc\u2026afin de nous donner des indications n\u00e9cessaires.<\/div>[\/vc_column_text][vc_column_text]<span class=\"collapseomatic \" id=\"id69e45caeccdb5\"  tabindex=\"0\" title=\"Comment recevons-nous l&#039;enregistrement?\"    >Comment recevons-nous l'enregistrement?<\/span><div id=\"target-id69e45caeccdb5\" class=\"collapseomatic_content \">Tout d&rsquo;abord vous recevrez un link pour \u00e9couter une pr\u00e9-mixage, lorsque vous \u00eates satisfait du r\u00e9sultat et vous avez r\u00e9alis\u00e9 le paiement , vous recevrez un link de Wetransfer pour t\u00e9l\u00e9charger les pistes individuelles. <\/div>[\/vc_column_text][vc_column_text]<span class=\"collapseomatic \" id=\"id69e45caeccddd\"  tabindex=\"0\" title=\"Les pistes seront-elles trait\u00e9es avec une sorte d&#039;\u00e9qualisateur, de compresseur ou d&#039;effet?\"    >Les pistes seront-elles trait\u00e9es avec une sorte d'\u00e9qualisateur, de compresseur ou d'effet?<\/span><div id=\"target-id69e45caeccddd\" class=\"collapseomatic_content \">Vous recevrez les pistes avec les sons de guitare que vous aurez choisi (distorsi\u00f3n, overdrive, son de l&rsquo; amplificateur, etc\u2026) mais sans compression ni \u00e9qualisation, et sans effet comme \u00abreverb\u00bb, \u00abdelay\u00bb, etc \u2026 Dans le cas o\u00fa vous d\u00e9sireriez recevoir les pistes trait\u00e9es, il suffit de nous le dire le prix sera le m\u00eame.<\/div>[\/vc_column_text][vc_column_text]<span class=\"collapseomatic \" id=\"id69e45caecce1d\"  tabindex=\"0\" title=\"Dans quel format recevrons-nous les pistes individuelles de guitare? Seront-elles compatibles avec mon DAW?\"    >Dans quel format recevrons-nous les pistes individuelles de guitare? Seront-elles compatibles avec mon DAW?<\/span><div id=\"target-id69e45caecce1d\" class=\"collapseomatic_content \">Vous recevrez les pistes en formato wav, compatible avec quelconque logitiel (software) d&rsquo;enregistrement et mixage comme Protools, Logic, Cubase,Digital Performer, etc\u2026<\/p>\n<p align=\"LEFT\">Dans le cas de vouloir un autre format comme aiff , ou un autre , vous nous le demander<span lang=\"fr-FR\"> et nous vous l&rsquo;enverrons converti<\/span>.<\/div>\n[\/vc_column_text][vc_column_text]<span class=\"collapseomatic \" id=\"id69e45caecce42\"  tabindex=\"0\" title=\"Quel est le bit \/ sample rate des pistes que je recevrai?\"    >Quel est le bit \/ sample rate des pistes que je recevrai?<\/span><div id=\"target-id69e45caecce42\" class=\"collapseomatic_content \">Celui que vous nous aurez demand\u00e9, si vous ne le savez pas, nous vous conseillons.<\/div>[\/vc_column_text][vc_column_text]<span class=\"collapseomatic \" id=\"id69e45caecce62\"  tabindex=\"0\" title=\"S&#039;il y a quelque chose dans l&#039;enregistrement que nous n&#039;aimons pas, peut-il \u00eatre modifi\u00e9?\"    >S'il y a quelque chose dans l'enregistrement que nous n'aimons pas, peut-il \u00eatre modifi\u00e9?<\/span><div id=\"target-id69e45caecce62\" class=\"collapseomatic_content \">Oui, lorsque vous recevez le pr\u00e9-mixage, si quelque chose ne vous pla\u00eet pas, vous demandez alors une modification des pistes de votre choix.<\/div>[\/vc_column_text][vc_column_text]<span class=\"collapseomatic \" id=\"id69e45caecce8e\"  tabindex=\"0\" title=\"Pouvez-vous nous dire les guitares, les amplificateurs, les pr\u00e9-amp et les microphones que vous avez utilis\u00e9s pour l&#039;enregistrement?\"    >Pouvez-vous nous dire les guitares, les amplificateurs, les pr\u00e9-amp et les microphones que vous avez utilis\u00e9s pour l'enregistrement?<\/span><div id=\"target-id69e45caecce8e\" class=\"collapseomatic_content \">Oui, lorsque vous recevez les pistes individuelles, il y aura aussi une fiche technique avec la liste de tous les instruments et les appareils utilis\u00e9s lors de l&rsquo;enregistrement. (Guitare, ampli, pr\u00e9-amp, micro, etc..\u00a0<\/div>[\/vc_column_text][vc_column_text]<span class=\"collapseomatic \" id=\"id69e45caecceb8\"  tabindex=\"0\" title=\"Combien de pistes (tracks) allons-nous  recevoir?\"    >Combien de pistes (tracks) allons-nous  recevoir?<\/span><div id=\"target-id69e45caecceb8\" class=\"collapseomatic_content \">Ceci sera en fonction du pack choisi. Le nombre de pistes que vous recevrez sera li\u00e9 au montant pay\u00e9, mais pour chaque prise de son, vous recevrez selon le choix de guitare:<\/p>\n<p align=\"LEFT\">Pour les Guitares \u00e9lectriques: 3 pistes pour chaque prise de son.<\/p>\n<p align=\"LEFT\">Pour des Guitares acoustiques ou autres instruments de cordes (cordes m\u00e9talliques ou de nylon, ukelele, etc\u2026): 1 piste pour chaque prise de son.<\/div>\n[\/vc_column_text][vc_column_text]<span class=\"collapseomatic \" id=\"id69e45caecced8\"  tabindex=\"0\" title=\"Pourquoi vous pouvez recevoir plusieurs pistes pour chaque prise de son?\"    >Pourquoi vous pouvez recevoir plusieurs pistes pour chaque prise de son?<\/span><div id=\"target-id69e45caecced8\" class=\"collapseomatic_content \">Dans le cas des guitares \u00e9lectriques, nous vous enverrons 3 pistes pour chaque prise de son puisque nous enregistrons avec trois types de microphone (dynamique, \u00e0 ruban ou \u00e0 \u00abribbon\u00bb et \u00e0 condensateur) afin que vous puissiez choisir lors du mixage, d&rsquo;utiliser un, les deux ou les trois. Dans le cas des instruments acoustiques, nous enregistrons avec un microphone \u00e0 condensateur, mais si vous souhaitez ajouter un autre type de microphone il vous suffit de nous le demander.<\/div>[\/vc_column_text][vc_column_text]<span class=\"collapseomatic \" id=\"id69e45caeccef6\"  tabindex=\"0\" title=\"Nous devons demander exactement les guitares que nous souhaitons ou pouvez-vous nous aider?\"    >Nous devons demander exactement les guitares que nous souhaitons ou pouvez-vous nous aider?<\/span><div id=\"target-id69e45caeccef6\" class=\"collapseomatic_content \">Vous pouvez nous demander exactament les guitares souhait\u00e9es, vous pouvez aussi nous envoyer des r\u00e9f\u00e9rences enregistr\u00e9s par vous-m\u00eame en audio ou avec un instrument virtuel, mais si vous avez des doutes, nous pouvons vous \u00abcomposer\u00bb ou r\u00e9aliser la production de guitares qui s&rsquo;adaptent au mieux \u00e0 votre choix et au pack s\u00e9lectionn\u00e9.<\/div>[\/vc_column_text][vc_column_text]<span class=\"collapseomatic \" id=\"id69e45caeccf14\"  tabindex=\"0\" title=\"Est-ce n\u00e9cessaire que la chanson soit enregistr\u00e9e avec un m\u00e9tronome.?\"    >Est-ce n\u00e9cessaire que la chanson soit enregistr\u00e9e avec un m\u00e9tronome.?<\/span><div id=\"target-id69e45caeccf14\" class=\"collapseomatic_content \">Oui, pour obtenir un r\u00e9sultat de qualit\u00e9 nous devons travailler avec un m\u00e9tronome.<\/div>[\/vc_column_text][vc_column_text]<span class=\"collapseomatic \" id=\"id69e45caeccf32\"  tabindex=\"0\" title=\"Que devons nous envoyer pour que vous r\u00e9alisiez l&#039;enregistrement?\"    >Que devons nous envoyer pour que vous r\u00e9alisiez l'enregistrement?<\/span><div id=\"target-id69e45caeccf32\" class=\"collapseomatic_content \">Un fichier audio en st\u00e9r\u00e9o (wav, aiff, mp3, celui qui vous est le plus facile) avec la chanson sans guitares. Et si vous avez les guitares de r\u00e9f\u00e9rence, vous nous envoyez un autre fichier audio en st\u00e9r\u00e9o s\u00e9par\u00e9 juste avec les guitares. De plus, vous devez nous dire le bit\/sample rate que vous d\u00e9sireriez et le tempo de la chanson en bpm.<\/div>[\/vc_column_text][vc_column_text]<span class=\"collapseomatic \" id=\"id69e45caeccf5a\"  tabindex=\"0\" title=\"Est-ce n\u00e9cessaire que la r\u00e9alisation ou production soit termin\u00e9 pour enregistrer les guitares?\"    >Est-ce n\u00e9cessaire que la r\u00e9alisation ou production soit termin\u00e9 pour enregistrer les guitares?<\/span><div id=\"target-id69e45caeccf5a\" class=\"collapseomatic_content \">Non. M<span lang=\"fr-FR\">ais bien s\u00fbr, plus la production de la chanson est avanc\u00e9e , plus les guitares peuvent \u00eatre adapt\u00e9es \u00e0 l&rsquo;arrangement d&rsquo;origine. Mais l&rsquo;enregistrement peut se faire avec les pistes de r\u00e9f\u00e9rence (voix de r\u00e9f\u00e9rence, ou batterie programm\u00e9e, etc &#8230;)<\/span><\/div>[\/vc_column_text][vc_column_text]<span class=\"collapseomatic \" id=\"id69e45caeccf7a\"  tabindex=\"0\" title=\"Quels sont les styles musicaux que nous pouvons choisir?\"    >Quels sont les styles musicaux que nous pouvons choisir?<\/span><div id=\"target-id69e45caeccf7a\" class=\"collapseomatic_content \">Nous pouvons vous proposer la majorit\u00e9 de styles comme: pop, rock, funk, jazz, blues, swing, R&amp;B, hip hop, rap, trap, rythmes urbains, folk, country, rythmes latins,etc&#8230;\/expand][\/vc_column_text][vc_column_text]<span class=\"collapseomatic \" id=\"id69e45caeccf9e\"  tabindex=\"0\" title=\"Quel est le d\u00e9lai de livraison des pistes apr\u00e8s avoir pass\u00e9 la commande? (le moment o\u00f9 nous demandons l&#039;enregistrement.)\"    >Quel est le d\u00e9lai de livraison des pistes apr\u00e8s avoir pass\u00e9 la commande? (le moment o\u00f9 nous demandons l'enregistrement.)<\/span>Le d\u00e9lai moyen est de 5 \u00e0 7 jours ouvrables. <\/div>[\/vc_column_text][\/vc_column_inner][vc_column_inner width=\u00a0\u00bb1\/4&Prime;][\/vc_column_inner][\/vc_row_inner][\/vc_column][\/vc_row]\n","protected":false},"excerpt":{"rendered":"<p>[vc_row css_animation=\u00a0\u00bb\u00a0\u00bb row_type=\u00a0\u00bbrow\u00a0\u00bb use_row_as_full_screen_section=\u00a0\u00bbno\u00a0\u00bb type=\u00a0\u00bbfull_width\u00a0\u00bb angled_section=\u00a0\u00bbno\u00a0\u00bb text_align=\u00a0\u00bbleft\u00a0\u00bb background_image_as_pattern=\u00a0\u00bbwithout_pattern\u00a0\u00bb][vc_column][vc_column_text] QUESTIONS LES PLUS FR\u00c9QUEMMENT POS\u00c9ES (FAQ) ENREGISTREMENT DE GUITARE EN LIGNE [\/vc_column_text][vc_separator type=\u00a0\u00bbtransparent\u00a0\u00bb down=\u00a0\u00bb50&Prime;][vc_row_inner row_type=\u00a0\u00bbrow\u00a0\u00bb type=\u00a0\u00bbfull_width\u00a0\u00bb text_align=\u00a0\u00bbleft\u00a0\u00bb css_animation=\u00a0\u00bb\u00a0\u00bb][vc_column_inner width=\u00a0\u00bb1\/4&Prime;][\/vc_column_inner][vc_column_inner width=\u00a0\u00bb1\/2&Prime;][vc_column_text][\/vc_column_text][vc_column_text][\/vc_column_text][vc_column_text][\/vc_column_text][vc_column_text][\/vc_column_text][vc_column_text][\/vc_column_text][vc_column_text][\/vc_column_text][vc_column_text][\/vc_column_text][vc_column_text][\/vc_column_text][vc_column_text][\/vc_column_text][vc_column_text] [\/vc_column_text][vc_column_text][\/vc_column_text][vc_column_text][\/vc_column_text][vc_column_text][\/vc_column_text][vc_column_text] [\/vc_column_text][vc_column_text][\/vc_column_text][vc_column_text][\/vc_column_text][vc_column_text][\/vc_column_text][vc_column_text][\/vc_column_text][vc_column_text][\/vc_column_text][vc_column_text][\/vc_column_text][\/vc_column_inner][vc_column_inner width=\u00a0\u00bb1\/4&Prime;][\/vc_column_inner][\/vc_row_inner][\/vc_column][\/vc_row]<\/p>\n","protected":false},"author":1,"featured_media":16325,"parent":0,"menu_order":0,"comment_status":"closed","ping_status":"closed","template":"","meta":{"footnotes":""},"class_list":["post-18592","page","type-page","status-publish","has-post-thumbnail","hentry"],"_links":{"self":[{"href":"https:\/\/www.marcquintilla.com\/fr\/wp-json\/wp\/v2\/pages\/18592","targetHints":{"allow":["GET"]}}],"collection":[{"href":"https:\/\/www.marcquintilla.com\/fr\/wp-json\/wp\/v2\/pages"}],"about":[{"href":"https:\/\/www.marcquintilla.com\/fr\/wp-json\/wp\/v2\/types\/page"}],"author":[{"embeddable":true,"href":"https:\/\/www.marcquintilla.com\/fr\/wp-json\/wp\/v2\/users\/1"}],"replies":[{"embeddable":true,"href":"https:\/\/www.marcquintilla.com\/fr\/wp-json\/wp\/v2\/comments?post=18592"}],"version-history":[{"count":15,"href":"https:\/\/www.marcquintilla.com\/fr\/wp-json\/wp\/v2\/pages\/18592\/revisions"}],"predecessor-version":[{"id":18608,"href":"https:\/\/www.marcquintilla.com\/fr\/wp-json\/wp\/v2\/pages\/18592\/revisions\/18608"}],"wp:featuredmedia":[{"embeddable":true,"href":"https:\/\/www.marcquintilla.com\/fr\/wp-json\/wp\/v2\/media\/16325"}],"wp:attachment":[{"href":"https:\/\/www.marcquintilla.com\/fr\/wp-json\/wp\/v2\/media?parent=18592"}],"curies":[{"name":"wp","href":"https:\/\/api.w.org\/{rel}","templated":true}]}}